{"id":3502,"date":"2018-05-20T22:42:15","date_gmt":"2018-05-21T01:42:15","guid":{"rendered":"http:\/\/www.undsgn.com\/uncode\/?page_id=3502"},"modified":"2018-07-24T06:51:47","modified_gmt":"2018-07-24T09:51:47","slug":"servicos","status":"publish","type":"page","link":"https:\/\/packpoint.com.br\/site\/servicos\/","title":{"rendered":"Processos"},"content":{"rendered":"<div class=\"wpb-content-wrapper\"><p>[vc_row unlock_row_content=&#8221;yes&#8221; row_height_percent=&#8221;0&#8243; override_padding=&#8221;yes&#8221; h_padding=&#8221;0&#8243; top_padding=&#8221;0&#8243; bottom_padding=&#8221;0&#8243; overlay_alpha=&#8221;100&#8243; equal_height=&#8221;yes&#8221; gutter_size=&#8221;0&#8243; shift_y=&#8221;0&#8243; style=&#8221;inherited&#8221;][vc_column column_width_percent=&#8221;100&#8243; position_horizontal=&#8221;left&#8221; override_padding=&#8221;yes&#8221; column_padding=&#8221;5&#8243; back_color=&#8221;color-xsdn&#8221; overlay_alpha=&#8221;100&#8243; gutter_size=&#8221;3&#8243; medium_width=&#8221;100&#8243; shift_x=&#8221;0&#8243; shift_y=&#8221;0&#8243; z_index=&#8221;0&#8243; zoom_width=&#8221;0&#8243; zoom_height=&#8221;0&#8243; width=&#8221;1\/3&#8243; safe_padding=&#8221;yes&#8221;][vc_custom_heading heading_semantic=&#8221;h3&#8243; text_size=&#8221;h3&#8243; text_weight=&#8221;700&#8243; text_transform=&#8221;uppercase&#8221;]Processos[\/vc_custom_heading][vc_separator][vc_column_text]<\/p>\n<p style=\"text-align: justify;\">A Packpoint acredita que a tecnologia \u00e9 fundamental para atender e superar as expectativas de seus clientes. A seguir descrevemos os principais processos realizados pela empresa.<\/p>\n<p>[\/vc_column_text][vc_gallery el_id=&#8221;gallery-106203&#8243; medias=&#8221;48821&#8243; gutter_size=&#8221;3&#8243; screen_lg=&#8221;1000&#8243; screen_md=&#8221;600&#8243; screen_sm=&#8221;480&#8243; single_overlay_opacity=&#8221;50&#8243; single_padding=&#8221;2&#8243; items=&#8221;eyI0ODgxOF9pIjp7InNpbmdsZV9pY29uIjoiIiwic2luZ2xlX3dpZHRoIjoiMyJ9fQ==&#8221;][\/vc_column][vc_column column_width_percent=&#8221;100&#8243; position_horizontal=&#8221;left&#8221; override_padding=&#8221;yes&#8221; column_padding=&#8221;5&#8243; back_color=&#8221;color-lxmt&#8221; overlay_alpha=&#8221;0&#8243; gutter_size=&#8221;3&#8243; medium_width=&#8221;100&#8243; shift_x=&#8221;0&#8243; shift_y=&#8221;0&#8243; z_index=&#8221;0&#8243; zoom_width=&#8221;0&#8243; zoom_height=&#8221;0&#8243; width=&#8221;2\/3&#8243; safe_padding=&#8221;yes&#8221;][vc_row_inner row_inner_height_percent=&#8221;0&#8243; overlay_alpha=&#8221;50&#8243; gutter_size=&#8221;4&#8243; shift_y=&#8221;0&#8243;][vc_column_inner width=&#8221;1\/3&#8243;][vc_custom_heading heading_semantic=&#8221;h3&#8243; text_size=&#8221;fontsize-155944&#8243;]<\/p>\n<p class=\"h5\">Edi\u00e7\u00e3o e Pr\u00e9 Impress\u00e3o<\/p>\n<p>[\/vc_custom_heading][vc_column_text]<\/p>\n<p style=\"text-align: justify;\">No setor de pr\u00e9-impress\u00e3o, nossos profissionais desenvolvem as embalagens, geram mock-ups (prot\u00f3tipos) com o uso de softwares espec\u00edficos e plotter de recorte e imprimem as provas contratuais digitais em pap\u00e9is e equipamentos calibrados. As chapas para impress\u00e3o utilizam tecnologia CTP (computer-to-plate) que dispensa o uso de fotolitos.<\/p>\n<p>[\/vc_column_text][\/vc_column_inner][vc_column_inner width=&#8221;1\/3&#8243;][vc_custom_heading heading_semantic=&#8221;h3&#8243; text_size=&#8221;fontsize-155944&#8243;]<\/p>\n<p class=\"h5\">Impress\u00e3o<\/p>\n<p>[\/vc_custom_heading][vc_column_text]<\/p>\n<p style=\"text-align: justify;\">Impressoras com at\u00e9 6 cores mais aplica\u00e7\u00e3o de verniz em linha. Excelente qualidade de impress\u00e3o para aprimorar os impressos com\u00a0<em>spot colors\u00a0<\/em>(cores puras Pantone) ou utilizar cores especiais met\u00e1licas em conjunto com cores CMYK. O formato vai at\u00e9 72x102cm com velocidades que atingem at\u00e9 15.000 folhas por hora e setups r\u00e1pidos com baixo desperd\u00edcio.<\/p>\n<p>[\/vc_column_text][\/vc_column_inner][vc_column_inner width=&#8221;1\/3&#8243;][vc_custom_heading heading_semantic=&#8221;h3&#8243; text_size=&#8221;fontsize-155944&#8243;]<\/p>\n<p class=\"h5\">Acoplagem<\/p>\n<p>[\/vc_custom_heading][vc_column_text]<\/p>\n<p style=\"text-align: justify;\">A acoplagem de micro-ondulado d\u00e1 rigidez \u00e0s embalagens. Al\u00e9m do micro-ondulado onda E, tamb\u00e9m acoplamos o cart\u00e3o em onda B, C e F, micro-ondulados de diferentes gramaturas e micro-ondulado branco. Tudo isso para alcan\u00e7ar o melhor produto para cada necessidade.<\/p>\n<p>[\/vc_column_text][\/vc_column_inner][\/vc_row_inner][vc_row_inner row_inner_height_percent=&#8221;0&#8243; overlay_alpha=&#8221;50&#8243; gutter_size=&#8221;4&#8243; shift_y=&#8221;0&#8243;][vc_column_inner width=&#8221;1\/3&#8243;][vc_custom_heading heading_semantic=&#8221;h3&#8243; text_size=&#8221;fontsize-155944&#8243;]<\/p>\n<p class=\"h5\">Corte e Vinco, Dobra e Cola<\/p>\n<p>[\/vc_custom_heading][vc_column_text]<\/p>\n<p style=\"text-align: justify;\">O corte e vinco e as dobradeiras-coladeiras d\u00e3o forma \u00e0s embalagens. O corte e vinco \u00e9 preciso atrav\u00e9s do uso de equipamentos autom\u00e1ticos e facas confeccionadas a laser. Com o uso de dispositivos de destaque do equipamento, as aparas s\u00e3o retiradas, eliminando a necessidade de separa\u00e7\u00f5es manuais. As vers\u00e1teis dobradeiras-coladeiras colam diversos tipos de embalagens inclusive com fundo autom\u00e1tico para facilitar o processo de montagem pelo cliente.<\/p>\n<p>[\/vc_column_text][\/vc_column_inner][vc_column_inner width=&#8221;1\/3&#8243;][vc_custom_heading heading_semantic=&#8221;h3&#8243; text_size=&#8221;fontsize-155944&#8243;]<\/p>\n<p class=\"h5\">Acabamentos<\/p>\n<p>[\/vc_custom_heading][vc_column_text]<\/p>\n<p style=\"text-align: justify;\">Trabalhamos com todos os tradicionais acabamentos gr\u00e1ficos existentes (verniz UV, plastifica\u00e7\u00e3o brilho, lamina\u00e7\u00e3o fosca, relevo seco, visor de PVC, etc.) e oferecemos op\u00e7\u00f5es bem diferenciadas:<\/p>\n<ul>\n<li>Hot-stamping hologr\u00e1fico;<\/li>\n<li>Micro-relevo ou gofragem<\/li>\n<li>Utiliza\u00e7\u00e3o de acess\u00f3rios como el\u00e1sticos, fitas, la\u00e7os, tags, cintas, im\u00e3s, etc.<\/li>\n<\/ul>\n<p style=\"text-align: justify;\">No DNA de nossa empresa sempre procuramos ousar e ser diferente, por isso gostamos de trabalhar com projetos inovadores e desafiantes.<\/p>\n<p>[\/vc_column_text][\/vc_column_inner][vc_column_inner width=&#8221;1\/3&#8243;][vc_custom_heading heading_semantic=&#8221;h3&#8243; text_size=&#8221;fontsize-155944&#8243;]<\/p>\n<p class=\"h5\">Log\u00edstica<\/p>\n<p>[\/vc_custom_heading][vc_column_text]<\/p>\n<p style=\"text-align: justify;\">Sabemos o qu\u00e3o importante \u00e9 para o cliente receber suas embalagens no prazo correto. Al\u00e9m de uma produ\u00e7\u00e3o r\u00e1pida, cuidamos do seu acondicionamento e transporte.Para os casos de entregas programadas ou sob demanda JIT (Just-in-time), gerenciamos o armazenamento das embalagens e sua disponibiliza\u00e7\u00e3o.<\/p>\n<p>[\/vc_column_text][\/vc_column_inner][\/vc_row_inner][\/vc_column][\/vc_row][vc_row][vc_column width=&#8221;1\/1&#8243;][uncode_block id=&#8221;48992&#8243;][\/vc_column][\/vc_row]<\/p>\n<\/div>","protected":false},"excerpt":{"rendered":"<p>[vc_row unlock_row_content=&#8221;yes&#8221; row_height_percent=&#8221;0&#8243; override_padding=&#8221;yes&#8221; h_padding=&#8221;0&#8243; top_padding=&#8221;0&#8243; bottom_padding=&#8221;0&#8243; overlay_alpha=&#8221;100&#8243; equal_height=&#8221;yes&#8221; gutter_size=&#8221;0&#8243; shift_y=&#8221;0&#8243; style=&#8221;inherited&#8221;][vc_column column_width_percent=&#8221;100&#8243; position_horizontal=&#8221;left&#8221; override_padding=&#8221;yes&#8221; column_padding=&#8221;5&#8243; back_color=&#8221;color-xsdn&#8221; overlay_alpha=&#8221;100&#8243; gutter_size=&#8221;3&#8243; medium_width=&#8221;100&#8243; [&hellip;]<\/p>\n","protected":false},"author":1,"featured_media":0,"parent":0,"menu_order":0,"comment_status":"closed","ping_status":"closed","template":"","meta":{"footnotes":""},"class_list":["post-3502","page","type-page","status-publish","hentry"],"aioseo_notices":[],"_links":{"self":[{"href":"https:\/\/packpoint.com.br\/site\/wp-json\/wp\/v2\/pages\/3502","targetHints":{"allow":["GET"]}}],"collection":[{"href":"https:\/\/packpoint.com.br\/site\/wp-json\/wp\/v2\/pages"}],"about":[{"href":"https:\/\/packpoint.com.br\/site\/wp-json\/wp\/v2\/types\/page"}],"author":[{"embeddable":true,"href":"https:\/\/packpoint.com.br\/site\/wp-json\/wp\/v2\/users\/1"}],"replies":[{"embeddable":true,"href":"https:\/\/packpoint.com.br\/site\/wp-json\/wp\/v2\/comments?post=3502"}],"version-history":[{"count":60,"href":"https:\/\/packpoint.com.br\/site\/wp-json\/wp\/v2\/pages\/3502\/revisions"}],"predecessor-version":[{"id":49040,"href":"https:\/\/packpoint.com.br\/site\/wp-json\/wp\/v2\/pages\/3502\/revisions\/49040"}],"wp:attachment":[{"href":"https:\/\/packpoint.com.br\/site\/wp-json\/wp\/v2\/media?parent=3502"}],"curies":[{"name":"wp","href":"https:\/\/api.w.org\/{rel}","templated":true}]}}