{"id":3541,"date":"2018-05-20T17:50:51","date_gmt":"2018-05-20T20:50:51","guid":{"rendered":"http:\/\/www.undsgn.com\/uncode\/?page_id=3541"},"modified":"2018-07-30T01:41:01","modified_gmt":"2018-07-30T04:41:01","slug":"nossa-empresa","status":"publish","type":"page","link":"https:\/\/packpoint.com.br\/site\/nossa-empresa\/","title":{"rendered":"Nossa Empresa"},"content":{"rendered":"<div class=\"wpb-content-wrapper\"><p>[vc_row row_height_percent=&#8221;0&#8243; override_padding=&#8221;yes&#8221; h_padding=&#8221;2&#8243; top_padding=&#8221;4&#8243; bottom_padding=&#8221;0&#8243; overlay_alpha=&#8221;100&#8243; gutter_size=&#8221;100&#8243; shift_y=&#8221;0&#8243; style=&#8221;inherited&#8221;][vc_column column_width_percent=&#8221;100&#8243; overlay_alpha=&#8221;100&#8243; gutter_size=&#8221;3&#8243; medium_width=&#8221;0&#8243; shift_x=&#8221;0&#8243; shift_y=&#8221;0&#8243; zoom_width=&#8221;0&#8243; zoom_height=&#8221;0&#8243; width=&#8221;1\/1&#8243;][vc_custom_heading]<\/p>\n<h2 style=\"text-align: center;\">Sobre N\u00f3s<\/h2>\n<p>[\/vc_custom_heading][vc_column_text]<\/p>\n<p style=\"text-align: justify;\">N\u00e3o h\u00e1 como negar o fasc\u00ednio de uma bela embalagem. As embalagens ressaltam as qualidades dos produtos, fornecem diversas informa\u00e7\u00f5es e ajudam a identificar as marcas. Al\u00e9m do aspecto atrativo e emocional, uma boa embalagem traz conveni\u00eancia e praticidade para o uso dos produtos, protege seu conte\u00fado de forma segura e higi\u00eanica e tem menor impacto ambiental ao utilizar materiais prop\u00edcios \u00e0 reciclagem ou reutiliza\u00e7\u00e3o.Nossa proposta n\u00e3o \u00e9 ser apenas mais uma gr\u00e1fica dentre as tantas existentes, mas sim a que oferece as melhores solu\u00e7\u00f5es, prestando aten\u00e7\u00e3o em cada detalhe que traga mais satisfa\u00e7\u00e3o aos clientes.<\/p>\n<p>[\/vc_column_text][\/vc_column][\/vc_row][vc_row row_height_percent=&#8221;0&#8243; override_padding=&#8221;yes&#8221; h_padding=&#8221;2&#8243; top_padding=&#8221;2&#8243; bottom_padding=&#8221;2&#8243; overlay_alpha=&#8221;100&#8243; gutter_size=&#8221;100&#8243; shift_y=&#8221;0&#8243; style=&#8221;inherited&#8221;][vc_column column_width_use_pixel=&#8221;yes&#8221; align_horizontal=&#8221;align_center&#8221; font_family=&#8221;font-134980&#8243; overlay_alpha=&#8221;100&#8243; gutter_size=&#8221;4&#8243; medium_width=&#8221;0&#8243; shift_x=&#8221;0&#8243; shift_y=&#8221;0&#8243; zoom_width=&#8221;0&#8243; zoom_height=&#8221;0&#8243; width=&#8221;1\/1&#8243;][vc_tabs vertical=&#8221;yes&#8221;][vc_tab no_margin=&#8221;yes&#8221; title=&#8221;Miss\u00e3o&#8221; tab_id=&#8221;1434114947-1-82&#8243;][vc_column_text text_lead=&#8221;yes&#8221;]Desenvolver e produzir embalagens de alta qualidade, que atendam \u00e0s crescentes necessidades de nossos clientes e que ajudem no refor\u00e7o de suas marcas, pois sabemos que elas s\u00e3o seu maior patrim\u00f4nio.[\/vc_column_text][\/vc_tab][vc_tab no_margin=&#8221;yes&#8221; title=&#8221;Vis\u00e3o&#8221; tab_id=&#8221;1434114947-2-86&#8243;][vc_column_text text_lead=&#8221;yes&#8221;]Sermos a empresa refer\u00eancia em nosso segmento quanto \u00e0 qualidade, criatividade, pre\u00e7os competitivos, prazos de entrega, excelente ambiente de trabalho e lucratividade.[\/vc_column_text][\/vc_tab][vc_tab no_margin=&#8221;yes&#8221; title=&#8221;Valores&#8221; tab_id=&#8221;1434115238057-2-1&#8243;][vc_column_text text_lead=&#8221;yes&#8221;]<strong>Qualidade<\/strong> para se fazer corretamente desde a primeira vez ou corrigir rapidamente eventuais erros. <strong>Seriedade<\/strong> e \u00e9tica inspirando confian\u00e7a entre todos que trabalham juntos. <strong>Comprometimento<\/strong> de todos os colaboradores em prol do sucesso do trabalho e entre si. <strong>Responsabilidades sociais e ambientais<\/strong>, pois sabemos que nossa atua\u00e7\u00e3o n\u00e3o se resume apenas ao interior da empresa. <strong>Evoluir<\/strong> sempre pois sempre h\u00e1 espa\u00e7o para melhorias.[\/vc_column_text][\/vc_tab][\/vc_tabs][vc_single_image media=&#8221;49057&#8243; media_width_percent=&#8221;100&#8243; alignment=&#8221;center&#8221;][\/vc_column][\/vc_row][vc_row row_height_percent=&#8221;0&#8243; override_padding=&#8221;yes&#8221; h_padding=&#8221;2&#8243; top_padding=&#8221;2&#8243; bottom_padding=&#8221;2&#8243; overlay_alpha=&#8221;100&#8243; gutter_size=&#8221;100&#8243; shift_y=&#8221;0&#8243; style=&#8221;inherited&#8221;][vc_column column_width_percent=&#8221;100&#8243; overlay_alpha=&#8221;100&#8243; gutter_size=&#8221;3&#8243; medium_width=&#8221;0&#8243; shift_x=&#8221;0&#8243; shift_y=&#8221;0&#8243; zoom_width=&#8221;0&#8243; zoom_height=&#8221;0&#8243; width=&#8221;1\/1&#8243;][vc_custom_heading]<\/p>\n<h2 style=\"text-align: center;\">Sustentabilidade<\/h2>\n<p>[\/vc_custom_heading][vc_column_text]<\/p>\n<p style=\"text-align: justify;\">Na busca pela excel\u00eancia, qualidade e sustentabilidade s\u00e3o princ\u00edpios que se disseminaram por toda a organiza\u00e7\u00e3o. Somente obteremos o reconhecimento do mercado e da sociedade se nossos produtos atenderem suas expectativas e garantirmos que nossas a\u00e7\u00f5es do presente n\u00e3o comprometam os recursos para o futuro. O mundo s\u00f3 ser\u00e1 sustent\u00e1vel se respeitarmos o que a natureza nos oferece todos os dias. N\u00e3o devemos esgotar os recursos naturais fundamentais para a exist\u00eancia do ser humano. \u00c9 perfeitamente poss\u00edvel ter um crescimento sustent\u00e1vel em conson\u00e2ncia com a natureza. Os pr\u00e9-requisitos s\u00e3o termos essa consci\u00eancia, respeito e conhecimento do impacto causado por nossas a\u00e7\u00f5es. A tecnologia \u00e9 nossa aliada para trazer alternativas para o uso mais eficiente dos recursos.<\/p>\n<p>[\/vc_column_text][uncode_list]<\/p>\n<ul>\n<li>Capacitamos continuamente nossos colaboradores;<\/li>\n<li>Nossos equipamentos s\u00e3o modernos, altamente produtivos e geram pouco desperd\u00edcio;<\/li>\n<li>A principal mat\u00e9ria-prima, o papelcart\u00e3o, \u00e9 proveniente de florestas plantadas, e n\u00e3o de florestas nativas.<\/li>\n<li>As tintas s\u00e3o at\u00f3xicas, inodoras e com baixo teor de metais pesados;<\/li>\n<li>Todos os res\u00edduos industriais s\u00e3o coletados por empresas certificadas que d\u00e3o o seu tratamento adequado.<\/li>\n<\/ul>\n<p>[\/uncode_list][\/vc_column][\/vc_row][vc_row row_height_percent=&#8221;0&#8243; override_padding=&#8221;yes&#8221; h_padding=&#8221;2&#8243; top_padding=&#8221;2&#8243; bottom_padding=&#8221;2&#8243; overlay_alpha=&#8221;100&#8243; gutter_size=&#8221;100&#8243; shift_y=&#8221;0&#8243; style=&#8221;inherited&#8221;][vc_column column_width_percent=&#8221;100&#8243; overlay_alpha=&#8221;100&#8243; gutter_size=&#8221;3&#8243; medium_width=&#8221;0&#8243; shift_x=&#8221;0&#8243; shift_y=&#8221;0&#8243; zoom_width=&#8221;0&#8243; zoom_height=&#8221;0&#8243; width=&#8221;1\/1&#8243;][vc_custom_heading]<\/p>\n<h2 style=\"text-align: center;\">Pol\u00edtica de Qualidade<\/h2>\n<p>[\/vc_custom_heading][vc_column_text]<\/p>\n<p style=\"text-align: justify;\">Visando assegurar que as atividades da Packpoint sejam conduzidas em conformidade com o sistema de gest\u00e3o da qualidade baseado na norma ISO 9001:2008, devemos buscar a:<\/p>\n<ul>\n<li>Produ\u00e7\u00e3o de alta qualidade;<\/li>\n<li>Pontualidade nas entregas;<\/li>\n<li>Satisfa\u00e7\u00e3o dos clientes;<\/li>\n<li>Melhoria cont\u00ednua dos processos internos.<\/li>\n<\/ul>\n<h2>Boas Pr\u00e1ticas<\/h2>\n<p style=\"text-align: justify;\">Os processos e instala\u00e7\u00f5es da Packpoint seguem as Boas Pr\u00e1ticas de Fabrica\u00e7\u00e3o (BPF) requeridas principalmente pelos ramos aliment\u00edcio, farmac\u00eautico e cosm\u00e9ticos. Estas normas asseguram as condi\u00e7\u00f5es de higiene e evitam a contamina\u00e7\u00e3o dos produtos.<\/p>\n<p>[\/vc_column_text][\/vc_column][\/vc_row][vc_row][vc_column width=&#8221;1\/1&#8243;][uncode_block id=&#8221;48992&#8243;][\/vc_column][\/vc_row]<\/p>\n<\/div>","protected":false},"excerpt":{"rendered":"<p>[vc_row row_height_percent=&#8221;0&#8243; override_padding=&#8221;yes&#8221; h_padding=&#8221;2&#8243; top_padding=&#8221;4&#8243; bottom_padding=&#8221;0&#8243; overlay_alpha=&#8221;100&#8243; gutter_size=&#8221;100&#8243; shift_y=&#8221;0&#8243; style=&#8221;inherited&#8221;][vc_column column_width_percent=&#8221;100&#8243; overlay_alpha=&#8221;100&#8243; gutter_size=&#8221;3&#8243; medium_width=&#8221;0&#8243; shift_x=&#8221;0&#8243; shift_y=&#8221;0&#8243; zoom_width=&#8221;0&#8243; zoom_height=&#8221;0&#8243; width=&#8221;1\/1&#8243;][vc_custom_heading] Sobre [&hellip;]<\/p>\n","protected":false},"author":1,"featured_media":48747,"parent":0,"menu_order":2,"comment_status":"closed","ping_status":"closed","template":"","meta":{"footnotes":""},"class_list":["post-3541","page","type-page","status-publish","has-post-thumbnail","hentry"],"aioseo_notices":[],"_links":{"self":[{"href":"https:\/\/packpoint.com.br\/site\/wp-json\/wp\/v2\/pages\/3541","targetHints":{"allow":["GET"]}}],"collection":[{"href":"https:\/\/packpoint.com.br\/site\/wp-json\/wp\/v2\/pages"}],"about":[{"href":"https:\/\/packpoint.com.br\/site\/wp-json\/wp\/v2\/types\/page"}],"author":[{"embeddable":true,"href":"https:\/\/packpoint.com.br\/site\/wp-json\/wp\/v2\/users\/1"}],"replies":[{"embeddable":true,"href":"https:\/\/packpoint.com.br\/site\/wp-json\/wp\/v2\/comments?post=3541"}],"version-history":[{"count":25,"href":"https:\/\/packpoint.com.br\/site\/wp-json\/wp\/v2\/pages\/3541\/revisions"}],"predecessor-version":[{"id":49066,"href":"https:\/\/packpoint.com.br\/site\/wp-json\/wp\/v2\/pages\/3541\/revisions\/49066"}],"wp:featuredmedia":[{"embeddable":true,"href":"https:\/\/packpoint.com.br\/site\/wp-json\/wp\/v2\/media\/48747"}],"wp:attachment":[{"href":"https:\/\/packpoint.com.br\/site\/wp-json\/wp\/v2\/media?parent=3541"}],"curies":[{"name":"wp","href":"https:\/\/api.w.org\/{rel}","templated":true}]}}