{"id":49030,"date":"2018-07-24T06:39:37","date_gmt":"2018-07-24T09:39:37","guid":{"rendered":"http:\/\/packpoint.com.br\/site\/?page_id=49030"},"modified":"2018-07-24T06:45:37","modified_gmt":"2018-07-24T09:45:37","slug":"produtos","status":"publish","type":"page","link":"https:\/\/packpoint.com.br\/site\/produtos\/","title":{"rendered":"Produtos"},"content":{"rendered":"<div class=\"wpb-content-wrapper\"><p>[vc_row unlock_row_content=&#8221;yes&#8221; row_height_percent=&#8221;0&#8243; override_padding=&#8221;yes&#8221; h_padding=&#8221;0&#8243; top_padding=&#8221;0&#8243; bottom_padding=&#8221;0&#8243; overlay_alpha=&#8221;100&#8243; equal_height=&#8221;yes&#8221; gutter_size=&#8221;0&#8243; shift_y=&#8221;0&#8243; style=&#8221;inherited&#8221;][vc_column column_width_percent=&#8221;100&#8243; position_horizontal=&#8221;left&#8221; override_padding=&#8221;yes&#8221; column_padding=&#8221;5&#8243; back_color=&#8221;color-xsdn&#8221; overlay_alpha=&#8221;100&#8243; gutter_size=&#8221;3&#8243; medium_width=&#8221;100&#8243; shift_x=&#8221;0&#8243; shift_y=&#8221;0&#8243; z_index=&#8221;0&#8243; zoom_width=&#8221;0&#8243; zoom_height=&#8221;0&#8243; width=&#8221;1\/3&#8243; safe_padding=&#8221;yes&#8221;][vc_custom_heading heading_semantic=&#8221;h3&#8243; text_size=&#8221;h3&#8243; text_weight=&#8221;700&#8243; text_transform=&#8221;uppercase&#8221;]Produtos[\/vc_custom_heading][vc_separator][vc_column_text]<\/p>\n<p style=\"text-align: justify;\">A Packpoint desenvolve e produz embalagens semi-r\u00edgidas de papel cart\u00e3o, micro-ondulado e sacolas de papel.<\/p>\n<p>[\/vc_column_text][vc_gallery el_id=&#8221;gallery-106203&#8243; medias=&#8221;48821&#8243; gutter_size=&#8221;3&#8243; screen_lg=&#8221;1000&#8243; screen_md=&#8221;600&#8243; screen_sm=&#8221;480&#8243; single_overlay_opacity=&#8221;50&#8243; single_padding=&#8221;2&#8243; items=&#8221;eyI0ODgxOF9pIjp7InNpbmdsZV9pY29uIjoiIiwic2luZ2xlX3dpZHRoIjoiMyJ9fQ==&#8221;][\/vc_column][vc_column column_width_percent=&#8221;100&#8243; position_horizontal=&#8221;left&#8221; override_padding=&#8221;yes&#8221; column_padding=&#8221;5&#8243; back_color=&#8221;color-lxmt&#8221; overlay_alpha=&#8221;0&#8243; gutter_size=&#8221;3&#8243; medium_width=&#8221;100&#8243; shift_x=&#8221;0&#8243; shift_y=&#8221;0&#8243; z_index=&#8221;0&#8243; zoom_width=&#8221;0&#8243; zoom_height=&#8221;0&#8243; width=&#8221;2\/3&#8243; safe_padding=&#8221;yes&#8221;][vc_row_inner row_inner_height_percent=&#8221;0&#8243; overlay_alpha=&#8221;50&#8243; gutter_size=&#8221;4&#8243; shift_y=&#8221;0&#8243;][vc_column_inner width=&#8221;1\/3&#8243;][vc_custom_heading heading_semantic=&#8221;h3&#8243; text_size=&#8221;fontsize-155944&#8243;]<\/p>\n<p class=\"h5\">Embalagens em Papel Cart\u00e3o<\/p>\n<p>[\/vc_custom_heading][vc_column_text]<\/p>\n<p style=\"text-align: justify;\">Geralmente possuem tamanho pequeno a m\u00e9dio. S\u00e3o f\u00e1ceis de montar e s\u00e3o entregues planas, ao contr\u00e1rio de caixas r\u00edgidas que s\u00e3o entregues j\u00e1 montadas mas formam grande volume para transporte e armazenamento.<br \/>\nS\u00e3o impressas em off-set e podem utilizar diversos recursos de acabamento gr\u00e1fico conferindo belo visual, auxiliando a comunica\u00e7\u00e3o e marketing dos produtos.<\/p>\n<p style=\"text-align: justify;\">Alguns produtos que utilizam este tipo de embalagem s\u00e3o: cereais matinais, pizzas congeladas, chocolates, perfumes, rem\u00e9dios, caixa para bebidas, kits, panetones, etc.<\/p>\n<p>[\/vc_column_text][\/vc_column_inner][vc_column_inner width=&#8221;1\/3&#8243;][vc_custom_heading heading_semantic=&#8221;h3&#8243; text_size=&#8221;fontsize-155944&#8243;]<\/p>\n<p class=\"h5\">Embalagens em Micro-ondulado<\/p>\n<p>[\/vc_custom_heading][vc_column_text]<\/p>\n<p style=\"text-align: justify;\">Possuem as mesmas caracter\u00edsticas das embalagens em papel cart\u00e3o por\u00e9m atrav\u00e9s da acoplagem de micro-ondulado, ganham resist\u00eancia e rigidez para suportar produtos maiores ou mais pesados.<\/p>\n<p style=\"text-align: justify;\">Alguns produtos que utilizam este tipo de embalagem s\u00e3o: Eletr\u00f4nicos, brinquedos, utens\u00edlios dom\u00e9sticos, caixas para correio, para tele-entregas, pizzas, etc.<\/p>\n<p>[\/vc_column_text][\/vc_column_inner][vc_column_inner width=&#8221;1\/3&#8243;][vc_custom_heading heading_semantic=&#8221;h3&#8243; text_size=&#8221;fontsize-155944&#8243;]<\/p>\n<p class=\"h5\">Sacolas Personalizadas de Papel<\/p>\n<p>[\/vc_custom_heading][vc_column_text]<\/p>\n<p style=\"text-align: justify;\">As sacolas produzidas pela Packpoint funcionam como pe\u00e7as publicit\u00e1rias. Nas ruas, nos shoppings, ou mesmo a caminho do trabalho, vemos pessoas carregando sacolas, com imagens e logotipos estampados, criando um v\u00ednculo e identifica\u00e7\u00e3o com as marcas.<\/p>\n<p style=\"text-align: justify;\">Ao serem feitas de papel, possuem custo baixo e facilmente se decomp\u00f5em no processo de reciclagem. A Packpoint possui ainda grande variedade de tipos de al\u00e7as, cores, acabamentos gr\u00e1ficos, formatos, etc. para desenvolver sacolas diferenciadas e exclusivas.<\/p>\n<p style=\"text-align: justify;\">Exemplos de utiliza\u00e7\u00e3o de sacolas de papel: sacolas institucionais ou promocionais para lojas, sacolas para feiras e eventos.<\/p>\n<p>[\/vc_column_text][\/vc_column_inner][\/vc_row_inner][\/vc_column][\/vc_row][vc_row][vc_column width=&#8221;1\/1&#8243;][uncode_block id=&#8221;48992&#8243;][\/vc_column][\/vc_row]<\/p>\n<\/div>","protected":false},"excerpt":{"rendered":"<p>[vc_row unlock_row_content=&#8221;yes&#8221; row_height_percent=&#8221;0&#8243; override_padding=&#8221;yes&#8221; h_padding=&#8221;0&#8243; top_padding=&#8221;0&#8243; bottom_padding=&#8221;0&#8243; overlay_alpha=&#8221;100&#8243; equal_height=&#8221;yes&#8221; gutter_size=&#8221;0&#8243; shift_y=&#8221;0&#8243; style=&#8221;inherited&#8221;][vc_column column_width_percent=&#8221;100&#8243; position_horizontal=&#8221;left&#8221; override_padding=&#8221;yes&#8221; column_padding=&#8221;5&#8243; back_color=&#8221;color-xsdn&#8221; overlay_alpha=&#8221;100&#8243; gutter_size=&#8221;3&#8243; medium_width=&#8221;100&#8243; [&hellip;]<\/p>\n","protected":false},"author":1,"featured_media":0,"parent":0,"menu_order":0,"comment_status":"closed","ping_status":"closed","template":"","meta":{"footnotes":""},"class_list":["post-49030","page","type-page","status-publish","hentry"],"aioseo_notices":[],"_links":{"self":[{"href":"https:\/\/packpoint.com.br\/site\/wp-json\/wp\/v2\/pages\/49030","targetHints":{"allow":["GET"]}}],"collection":[{"href":"https:\/\/packpoint.com.br\/site\/wp-json\/wp\/v2\/pages"}],"about":[{"href":"https:\/\/packpoint.com.br\/site\/wp-json\/wp\/v2\/types\/page"}],"author":[{"embeddable":true,"href":"https:\/\/packpoint.com.br\/site\/wp-json\/wp\/v2\/users\/1"}],"replies":[{"embeddable":true,"href":"https:\/\/packpoint.com.br\/site\/wp-json\/wp\/v2\/comments?post=49030"}],"version-history":[{"count":2,"href":"https:\/\/packpoint.com.br\/site\/wp-json\/wp\/v2\/pages\/49030\/revisions"}],"predecessor-version":[{"id":49032,"href":"https:\/\/packpoint.com.br\/site\/wp-json\/wp\/v2\/pages\/49030\/revisions\/49032"}],"wp:attachment":[{"href":"https:\/\/packpoint.com.br\/site\/wp-json\/wp\/v2\/media?parent=49030"}],"curies":[{"name":"wp","href":"https:\/\/api.w.org\/{rel}","templated":true}]}}