{"id":49351,"date":"2019-08-20T12:40:01","date_gmt":"2019-08-20T15:40:01","guid":{"rendered":"https:\/\/packpoint.com.br\/site\/?page_id=49351"},"modified":"2022-12-13T16:11:37","modified_gmt":"2022-12-13T19:11:37","slug":"embalagens-em-papel-cartao","status":"publish","type":"page","link":"https:\/\/packpoint.com.br\/site\/embalagens-em-papel-cartao\/","title":{"rendered":"Embalagens Papel Cart\u00e3o"},"content":{"rendered":"<div class=\"wpb-content-wrapper\"><p>[vc_row unlock_row_content=&#8221;yes&#8221; row_height_percent=&#8221;10&#8243; override_padding=&#8221;yes&#8221; h_padding=&#8221;0&#8243; top_padding=&#8221;0&#8243; bottom_padding=&#8221;0&#8243; back_image=&#8221;49628&#8243; back_repeat=&#8221;inherit&#8221; back_attachment=&#8221;inherit&#8221; overlay_alpha=&#8221;50&#8243; gutter_size=&#8221;3&#8243; shift_y=&#8221;0&#8243;][vc_column width=&#8221;1\/1&#8243;][vc_empty_space empty_h=&#8221;5&#8243;][\/vc_column][\/vc_row][vc_row unlock_row=&#8221;&#8221; row_height_percent=&#8221;0&#8243; override_padding=&#8221;yes&#8221; h_padding=&#8221;0&#8243; top_padding=&#8221;0&#8243; bottom_padding=&#8221;0&#8243; overlay_alpha=&#8221;100&#8243; equal_height=&#8221;yes&#8221; gutter_size=&#8221;0&#8243; shift_y=&#8221;0&#8243; style=&#8221;inherited&#8221;][vc_column column_width_percent=&#8221;100&#8243; align_horizontal=&#8221;align_center&#8221; gutter_size=&#8221;3&#8243; override_padding=&#8221;yes&#8221; column_padding=&#8221;2&#8243; overlay_alpha=&#8221;100&#8243; shift_x=&#8221;0&#8243; shift_y=&#8221;0&#8243; z_index=&#8221;0&#8243; medium_width=&#8221;100&#8243; zoom_width=&#8221;0&#8243; zoom_height=&#8221;0&#8243; width=&#8221;1\/3&#8243; safe_padding=&#8221;yes&#8221;][vc_icon display=&#8221;inline&#8221; icon_image=&#8221;49623&#8243; title=&#8221;Pr\u00e1ticas e Eficientes&#8221;]<span style=\"font-weight: 400;\">Desenvolvidas em tamanhos m\u00e9dios e pequenos elas possuem forte apelo visual. Com ampla variedade de formas, tamanhos e espessuras s\u00e3o f\u00e1ceis de montar e, por serem entregues planas, evitam a necessidade de muito espa\u00e7o para armazenamento, um ganho no processo de log\u00edstica e distribui\u00e7\u00e3o.<\/span>[\/vc_icon][\/vc_column][vc_column column_width_percent=&#8221;100&#8243; align_horizontal=&#8221;align_center&#8221; gutter_size=&#8221;3&#8243; override_padding=&#8221;yes&#8221; column_padding=&#8221;2&#8243; overlay_alpha=&#8221;50&#8243; shift_x=&#8221;0&#8243; shift_y=&#8221;0&#8243; z_index=&#8221;0&#8243; medium_width=&#8221;0&#8243; width=&#8221;1\/3&#8243;][vc_icon display=&#8221;inline&#8221; icon_image=&#8221;49625&#8243; icon_color=&#8221;accent&#8221; title=&#8221;Baixo Custo&#8221;]Com baixo custo e alto potencial comunicativo as embalagens em papel cart\u00e3o, que s\u00e3o impressas em off-set (<span style=\"font-weight: 400;\">processo de impress\u00e3o planogr\u00e1fico mais usado pelos setores gr\u00e1ficos em todo o mundo)<\/span>, podem utilizar diversos recursos de acabamentos gr\u00e1ficos, conferindo belo visual e auxiliando na comunica\u00e7\u00e3o do marketing dos produtos.[\/vc_icon][\/vc_column][vc_column column_width_percent=&#8221;100&#8243; gutter_size=&#8221;3&#8243; override_padding=&#8221;yes&#8221; column_padding=&#8221;2&#8243; overlay_alpha=&#8221;50&#8243; shift_x=&#8221;0&#8243; shift_y=&#8221;0&#8243; z_index=&#8221;0&#8243; medium_width=&#8221;0&#8243; width=&#8221;1\/3&#8243;][vc_icon display=&#8221;inline&#8221; icon_image=&#8221;49626&#8243; icon_color=&#8221;accent&#8221; title=&#8221;Sustent\u00e1veis&#8221;]O Papel Cart\u00e3o \u00e9 provenientes de florestas plantadas, e n\u00e3o florestas nativas. Os equipamentos otimizam ao m\u00e1ximo para evitar desperd\u00edcios e nossas tintas s\u00e3o at\u00f3xicas, inodoras e de baixo teor de metais pesados. Todos os res\u00edduos s\u00e3o coletados por empresas certificadas que d\u00e3o o seu tratamento adequado.[\/vc_icon][\/vc_column][\/vc_row][vc_row row_height_percent=&#8221;0&#8243; overlay_alpha=&#8221;50&#8243; gutter_size=&#8221;3&#8243; shift_y=&#8221;0&#8243;][vc_column column_width_percent=&#8221;100&#8243; align_horizontal=&#8221;align_center&#8221; gutter_size=&#8221;3&#8243; overlay_alpha=&#8221;50&#8243; shift_x=&#8221;0&#8243; shift_y=&#8221;0&#8243; z_index=&#8221;0&#8243; medium_width=&#8221;0&#8243; width=&#8221;1\/1&#8243;][vc_custom_heading]<\/p>\n<h2>Variedades de Uso<\/h2>\n<p>[\/vc_custom_heading][\/vc_column][\/vc_row][vc_row row_height_percent=&#8221;0&#8243; overlay_alpha=&#8221;50&#8243; gutter_size=&#8221;3&#8243; shift_y=&#8221;0&#8243;][vc_column column_width_percent=&#8221;100&#8243; align_horizontal=&#8221;align_center&#8221; gutter_size=&#8221;3&#8243; overlay_alpha=&#8221;50&#8243; shift_x=&#8221;0&#8243; shift_y=&#8221;0&#8243; z_index=&#8221;0&#8243; medium_width=&#8221;0&#8243; width=&#8221;1\/4&#8243;][vc_custom_heading heading_semantic=&#8221;h4&#8243; text_size=&#8221;h4&#8243;]Alimentos[\/vc_custom_heading][vc_single_image media=&#8221;49617&#8243; media_width_percent=&#8221;100&#8243;][vc_column_text]Embalagens para fast foods, para congelados, cereais chocolates, panetones entre outros.[\/vc_column_text][\/vc_column][vc_column column_width_percent=&#8221;100&#8243; align_horizontal=&#8221;align_center&#8221; gutter_size=&#8221;3&#8243; overlay_alpha=&#8221;50&#8243; shift_x=&#8221;0&#8243; shift_y=&#8221;0&#8243; z_index=&#8221;0&#8243; medium_width=&#8221;0&#8243; width=&#8221;1\/4&#8243;][vc_custom_heading heading_semantic=&#8221;h4&#8243; text_size=&#8221;h4&#8243;]Cosm\u00e9ticos[\/vc_custom_heading][vc_single_image media=&#8221;49619&#8243; media_width_percent=&#8221;100&#8243;][vc_column_text]Embalagens para cosm\u00e9ticos como perfumes, cremes, combos e variadas op\u00e7\u00f5es de produtos.[\/vc_column_text][\/vc_column][vc_column column_width_percent=&#8221;100&#8243; align_horizontal=&#8221;align_center&#8221; gutter_size=&#8221;3&#8243; overlay_alpha=&#8221;50&#8243; shift_x=&#8221;0&#8243; shift_y=&#8221;0&#8243; z_index=&#8221;0&#8243; medium_width=&#8221;0&#8243; width=&#8221;1\/4&#8243;][vc_custom_heading heading_semantic=&#8221;h4&#8243; text_size=&#8221;h4&#8243;]Farmac\u00eauticos[\/vc_custom_heading][vc_single_image media=&#8221;49620&#8243; media_width_percent=&#8221;100&#8243;][vc_column_text]Embalagens para produtos farmac\u00eauticos como rem\u00e9dios em variados formatos e espessuras.[\/vc_column_text][\/vc_column][vc_column column_width_percent=&#8221;100&#8243; align_horizontal=&#8221;align_center&#8221; gutter_size=&#8221;3&#8243; overlay_alpha=&#8221;50&#8243; shift_x=&#8221;0&#8243; shift_y=&#8221;0&#8243; z_index=&#8221;0&#8243; medium_width=&#8221;0&#8243; width=&#8221;1\/4&#8243;][vc_custom_heading heading_semantic=&#8221;h4&#8243; text_size=&#8221;h4&#8243;]Outros[\/vc_custom_heading][vc_single_image media=&#8221;49618&#8243; media_width_percent=&#8221;100&#8243;][vc_column_text]Por se tratar de uma op\u00e7\u00e3o vers\u00e1til uma infinidade de produtos que podem utilizar embalagens com papel cart\u00e3o.[\/vc_column_text][\/vc_column][\/vc_row][vc_row row_height_percent=&#8221;0&#8243; overlay_alpha=&#8221;50&#8243; gutter_size=&#8221;3&#8243; shift_y=&#8221;0&#8243;][vc_column column_width_percent=&#8221;100&#8243; align_horizontal=&#8221;align_center&#8221; gutter_size=&#8221;3&#8243; overlay_alpha=&#8221;50&#8243; shift_x=&#8221;0&#8243; shift_y=&#8221;0&#8243; z_index=&#8221;0&#8243; medium_width=&#8221;0&#8243; width=&#8221;1\/1&#8243;][vc_custom_heading]<\/p>\n<h3>Embalagens em Papel Cart\u00e3o Packpoint<\/h3>\n<p>[\/vc_custom_heading][vc_column_text]<span style=\"font-weight: 400;\">As embalagens de papel produzidas pela Packpoint respeitam os mais altos padr\u00f5es de qualidade e pontualidade nas entregas com foco na satisfa\u00e7\u00e3o dos clientes. Estamos em constantes melhorias dos processos internos para atender cada vez melhor. Al\u00e9m da qualidade na impress\u00e3o das embalagens em papel cart\u00e3o podem ser utilizados diversos recursos de acabamentos gr\u00e1ficos conferindo belo visual, auxiliando a comunica\u00e7\u00e3o e marketing dos produtos.<\/span>[\/vc_column_text][\/vc_column][\/vc_row][vc_row][vc_column width=&#8221;1\/1&#8243;][uncode_block id=&#8221;48992&#8243;][\/vc_column][\/vc_row]<\/p>\n<\/div>","protected":false},"excerpt":{"rendered":"<p>[vc_row unlock_row_content=&#8221;yes&#8221; row_height_percent=&#8221;10&#8243; override_padding=&#8221;yes&#8221; h_padding=&#8221;0&#8243; top_padding=&#8221;0&#8243; bottom_padding=&#8221;0&#8243; back_image=&#8221;49628&#8243; back_repeat=&#8221;inherit&#8221; back_attachment=&#8221;inherit&#8221; overlay_alpha=&#8221;50&#8243; gutter_size=&#8221;3&#8243; shift_y=&#8221;0&#8243;][vc_column width=&#8221;1\/1&#8243;][vc_empty_space empty_h=&#8221;5&#8243;][\/vc_column][\/vc_row][vc_row unlock_row=&#8221;&#8221; row_height_percent=&#8221;0&#8243; override_padding=&#8221;yes&#8221; h_padding=&#8221;0&#8243; top_padding=&#8221;0&#8243; [&hellip;]<\/p>\n","protected":false},"author":1,"featured_media":49354,"parent":0,"menu_order":9,"comment_status":"closed","ping_status":"closed","template":"","meta":{"footnotes":""},"class_list":["post-49351","page","type-page","status-publish","has-post-thumbnail","hentry"],"aioseo_notices":[],"_links":{"self":[{"href":"https:\/\/packpoint.com.br\/site\/wp-json\/wp\/v2\/pages\/49351","targetHints":{"allow":["GET"]}}],"collection":[{"href":"https:\/\/packpoint.com.br\/site\/wp-json\/wp\/v2\/pages"}],"about":[{"href":"https:\/\/packpoint.com.br\/site\/wp-json\/wp\/v2\/types\/page"}],"author":[{"embeddable":true,"href":"https:\/\/packpoint.com.br\/site\/wp-json\/wp\/v2\/users\/1"}],"replies":[{"embeddable":true,"href":"https:\/\/packpoint.com.br\/site\/wp-json\/wp\/v2\/comments?post=49351"}],"version-history":[{"count":5,"href":"https:\/\/packpoint.com.br\/site\/wp-json\/wp\/v2\/pages\/49351\/revisions"}],"predecessor-version":[{"id":50290,"href":"https:\/\/packpoint.com.br\/site\/wp-json\/wp\/v2\/pages\/49351\/revisions\/50290"}],"wp:featuredmedia":[{"embeddable":true,"href":"https:\/\/packpoint.com.br\/site\/wp-json\/"}],"wp:attachment":[{"href":"https:\/\/packpoint.com.br\/site\/wp-json\/wp\/v2\/media?parent=49351"}],"curies":[{"name":"wp","href":"https:\/\/api.w.org\/{rel}","templated":true}]}}