{"id":49385,"date":"2019-08-12T14:09:13","date_gmt":"2019-08-12T17:09:13","guid":{"rendered":"http:\/\/packpoint.com.br\/site\/?page_id=49242"},"modified":"2022-12-13T16:12:16","modified_gmt":"2022-12-13T19:12:16","slug":"sacolas-de-papel-personalizadas","status":"publish","type":"page","link":"https:\/\/packpoint.com.br\/site\/sacolas-de-papel-personalizadas\/","title":{"rendered":"Sacolas de Papel Personalizadas"},"content":{"rendered":"<div class=\"wpb-content-wrapper\"><p>[vc_row unlock_row_content=&#8221;yes&#8221; row_height_percent=&#8221;10&#8243; override_padding=&#8221;yes&#8221; h_padding=&#8221;0&#8243; top_padding=&#8221;0&#8243; bottom_padding=&#8221;0&#8243; back_image=&#8221;49226&#8243; back_repeat=&#8221;inherit&#8221; back_attachment=&#8221;inherit&#8221; overlay_alpha=&#8221;50&#8243; gutter_size=&#8221;3&#8243; shift_y=&#8221;0&#8243;][vc_column width=&#8221;1\/1&#8243;][vc_empty_space empty_h=&#8221;5&#8243;][\/vc_column][\/vc_row][vc_row unlock_row=&#8221;&#8221; row_height_percent=&#8221;0&#8243; override_padding=&#8221;yes&#8221; h_padding=&#8221;0&#8243; top_padding=&#8221;0&#8243; bottom_padding=&#8221;0&#8243; overlay_alpha=&#8221;100&#8243; equal_height=&#8221;yes&#8221; gutter_size=&#8221;0&#8243; shift_y=&#8221;0&#8243; style=&#8221;inherited&#8221;][vc_column column_width_percent=&#8221;100&#8243; align_horizontal=&#8221;align_center&#8221; gutter_size=&#8221;3&#8243; override_padding=&#8221;yes&#8221; column_padding=&#8221;2&#8243; overlay_alpha=&#8221;100&#8243; shift_x=&#8221;0&#8243; shift_y=&#8221;0&#8243; z_index=&#8221;0&#8243; medium_width=&#8221;100&#8243; zoom_width=&#8221;0&#8243; zoom_height=&#8221;0&#8243; width=&#8221;1\/3&#8243; safe_padding=&#8221;yes&#8221;][vc_icon display=&#8221;inline&#8221; icon_image=&#8221;49624&#8243; title=&#8221;Pe\u00e7as Publicit\u00e1rias&#8221;]<span style=\"font-weight: 400; text-align: justify !important;\">As sacolas funcionam como pe\u00e7as publicit\u00e1rias \u00e9 muito comum vermos\u00a0 nas ruas, nos shoppings, ou mesmo a caminho do trabalho, muitas pessoas carregando sacolas personalizadas, dos mais variados tamanhos e modelos e cores com imagens e logotipos estampados.<\/span>[\/vc_icon][\/vc_column][vc_column column_width_percent=&#8221;100&#8243; align_horizontal=&#8221;align_center&#8221; gutter_size=&#8221;3&#8243; override_padding=&#8221;yes&#8221; column_padding=&#8221;2&#8243; overlay_alpha=&#8221;50&#8243; shift_x=&#8221;0&#8243; shift_y=&#8221;0&#8243; z_index=&#8221;0&#8243; medium_width=&#8221;0&#8243; width=&#8221;1\/3&#8243;][vc_icon display=&#8221;inline&#8221; icon_image=&#8221;49625&#8243; icon_color=&#8221;accent&#8221; title=&#8221;Sustent\u00e1veis&#8221;]<span style=\"font-weight: 400; text-align: justify;\">Manter-nos atentos ao meio ambiente e estimular o consumo consciente. Com as sacolas de papel esse recado \u00e9 entendido pelos consumidores engajados com a preserva\u00e7\u00e3o do meio ambiente. As sacolas de papel s\u00e3o mais reutiliz\u00e1veis e ao serem descartadas v\u00e3o para processos de reciclagem.<\/span>[\/vc_icon][\/vc_column][vc_column column_width_percent=&#8221;100&#8243; gutter_size=&#8221;3&#8243; override_padding=&#8221;yes&#8221; column_padding=&#8221;2&#8243; overlay_alpha=&#8221;50&#8243; shift_x=&#8221;0&#8243; shift_y=&#8221;0&#8243; z_index=&#8221;0&#8243; medium_width=&#8221;0&#8243; width=&#8221;1\/3&#8243;][vc_icon display=&#8221;inline&#8221; icon_image=&#8221;49626&#8243; icon_color=&#8221;accent&#8221; title=&#8221;Baixo Custo&#8221;]<span style=\"font-weight: 400; text-align: justify;\">Em rela\u00e7\u00e3o a sua usabilidade\u00a0 as sacolas de papel possuem uma \u00f3tima rela\u00e7\u00e3o custo X benef\u00edcio, pois al\u00e9m de atuarem como uma pe\u00e7a de publicidade e ser uma maneira sustent\u00e1vel, existem op\u00e7\u00f5es variadas de tamanhos, cores e acabamentos.<\/span>[\/vc_icon][\/vc_column][\/vc_row][vc_row row_height_percent=&#8221;0&#8243; overlay_alpha=&#8221;50&#8243; gutter_size=&#8221;3&#8243; shift_y=&#8221;0&#8243;][vc_column column_width_percent=&#8221;100&#8243; align_horizontal=&#8221;align_center&#8221; gutter_size=&#8221;3&#8243; overlay_alpha=&#8221;50&#8243; shift_x=&#8221;0&#8243; shift_y=&#8221;0&#8243; z_index=&#8221;0&#8243; medium_width=&#8221;0&#8243; width=&#8221;1\/1&#8243;][vc_custom_heading]<\/p>\n<h2>Variedades de Uso<\/h2>\n<p>[\/vc_custom_heading][\/vc_column][\/vc_row][vc_row row_height_percent=&#8221;0&#8243; overlay_alpha=&#8221;50&#8243; gutter_size=&#8221;3&#8243; shift_y=&#8221;0&#8243;][vc_column column_width_percent=&#8221;100&#8243; align_horizontal=&#8221;align_center&#8221; gutter_size=&#8221;3&#8243; overlay_alpha=&#8221;50&#8243; shift_x=&#8221;0&#8243; shift_y=&#8221;0&#8243; z_index=&#8221;0&#8243; medium_width=&#8221;0&#8243; width=&#8221;1\/4&#8243;][vc_custom_heading heading_semantic=&#8221;h4&#8243; text_size=&#8221;h4&#8243;]Sacolas Institucionais[\/vc_custom_heading][vc_single_image media=&#8221;49631&#8243; media_width_percent=&#8221;100&#8243;][vc_column_text]Crie sacolas com a marca da sua empresa, e fortale\u00e7a sua presen\u00e7a junto ao seu cliente.[\/vc_column_text][\/vc_column][vc_column column_width_percent=&#8221;100&#8243; align_horizontal=&#8221;align_center&#8221; gutter_size=&#8221;3&#8243; overlay_alpha=&#8221;50&#8243; shift_x=&#8221;0&#8243; shift_y=&#8221;0&#8243; z_index=&#8221;0&#8243; medium_width=&#8221;0&#8243; width=&#8221;1\/4&#8243;][vc_custom_heading heading_semantic=&#8221;h4&#8243; text_size=&#8221;h4&#8243;]Sacolas para Lojas[\/vc_custom_heading][vc_single_image media=&#8221;49634&#8243; media_width_percent=&#8221;100&#8243;][vc_column_text]Sua loja pode e deve ter seu nome propagado. Venda produtos de diversas marcas e leve o seu nome mais longe[\/vc_column_text][\/vc_column][vc_column column_width_percent=&#8221;100&#8243; align_horizontal=&#8221;align_center&#8221; gutter_size=&#8221;3&#8243; overlay_alpha=&#8221;50&#8243; shift_x=&#8221;0&#8243; shift_y=&#8221;0&#8243; z_index=&#8221;0&#8243; medium_width=&#8221;0&#8243; width=&#8221;1\/4&#8243;][vc_custom_heading heading_semantic=&#8221;h4&#8243; text_size=&#8221;h4&#8243;]Sacolas para Eventos[\/vc_custom_heading][vc_single_image media=&#8221;49633&#8243; media_width_percent=&#8221;100&#8243;][vc_column_text]Em feiras e eventos, tenha seu nome lembrando. Fa\u00e7a uma sacola promocional e chame a aten\u00e7\u00e3o do seu cliente.[\/vc_column_text][\/vc_column][vc_column column_width_percent=&#8221;100&#8243; align_horizontal=&#8221;align_center&#8221; gutter_size=&#8221;3&#8243; overlay_alpha=&#8221;50&#8243; shift_x=&#8221;0&#8243; shift_y=&#8221;0&#8243; z_index=&#8221;0&#8243; medium_width=&#8221;0&#8243; width=&#8221;1\/4&#8243;][vc_custom_heading heading_semantic=&#8221;h4&#8243; text_size=&#8221;h4&#8243;]Sacolas de Presente[\/vc_custom_heading][vc_single_image media=&#8221;49635&#8243; media_width_percent=&#8221;100&#8243;][vc_column_text]Alguns produtos s\u00e3o mais dif\u00edceis de embrulhar, por isso a sacola personalizada \u00e9 o fechamento perfeito para um presente.[\/vc_column_text][\/vc_column][\/vc_row][vc_row row_height_percent=&#8221;0&#8243; overlay_alpha=&#8221;50&#8243; gutter_size=&#8221;3&#8243; shift_y=&#8221;0&#8243;][vc_column column_width_percent=&#8221;100&#8243; align_horizontal=&#8221;align_center&#8221; gutter_size=&#8221;3&#8243; overlay_alpha=&#8221;50&#8243; shift_x=&#8221;0&#8243; shift_y=&#8221;0&#8243; z_index=&#8221;0&#8243; medium_width=&#8221;0&#8243; width=&#8221;1\/1&#8243;][vc_custom_heading]<\/p>\n<h3>Sacolas Personalizadas Packpoint<\/h3>\n<p>[\/vc_custom_heading][vc_column_text]<span style=\"font-weight: 400; text-align: justify;\">A Packpoint possui ainda grande variedade de modelos de sacolas personalizadas, e tamb\u00e9m v\u00e1rios tipos de al\u00e7as, cores, acabamentos gr\u00e1ficos, formatos,\u00a0 para desenvolver sacolas diferenciadas e exclusivas, mantendo a qualidade da impress\u00e3o de sua marca, fazendo com que n\u00e3o apenas seja mais uma sacola, por\u00e9m uma pe\u00e7a publicit\u00e1ria pensada e planejada para que sua marca seja sempre\u00a0 vista e lembrada com qualidade e modernidade.\u00a0<\/span>[\/vc_column_text][\/vc_column][\/vc_row][vc_row][vc_column width=&#8221;1\/1&#8243;][uncode_block id=&#8221;48992&#8243;][\/vc_column][\/vc_row]<\/p>\n<\/div>","protected":false},"excerpt":{"rendered":"<p>[vc_row unlock_row_content=&#8221;yes&#8221; row_height_percent=&#8221;10&#8243; override_padding=&#8221;yes&#8221; h_padding=&#8221;0&#8243; top_padding=&#8221;0&#8243; bottom_padding=&#8221;0&#8243; back_image=&#8221;49226&#8243; back_repeat=&#8221;inherit&#8221; back_attachment=&#8221;inherit&#8221; overlay_alpha=&#8221;50&#8243; gutter_size=&#8221;3&#8243; shift_y=&#8221;0&#8243;][vc_column width=&#8221;1\/1&#8243;][vc_empty_space empty_h=&#8221;5&#8243;][\/vc_column][\/vc_row][vc_row unlock_row=&#8221;&#8221; row_height_percent=&#8221;0&#8243; override_padding=&#8221;yes&#8221; h_padding=&#8221;0&#8243; top_padding=&#8221;0&#8243; [&hellip;]<\/p>\n","protected":false},"author":1,"featured_media":49226,"parent":0,"menu_order":8,"comment_status":"closed","ping_status":"closed","template":"","meta":{"footnotes":""},"class_list":["post-49385","page","type-page","status-publish","has-post-thumbnail","hentry"],"aioseo_notices":[],"_links":{"self":[{"href":"https:\/\/packpoint.com.br\/site\/wp-json\/wp\/v2\/pages\/49385","targetHints":{"allow":["GET"]}}],"collection":[{"href":"https:\/\/packpoint.com.br\/site\/wp-json\/wp\/v2\/pages"}],"about":[{"href":"https:\/\/packpoint.com.br\/site\/wp-json\/wp\/v2\/types\/page"}],"author":[{"embeddable":true,"href":"https:\/\/packpoint.com.br\/site\/wp-json\/wp\/v2\/users\/1"}],"replies":[{"embeddable":true,"href":"https:\/\/packpoint.com.br\/site\/wp-json\/wp\/v2\/comments?post=49385"}],"version-history":[{"count":3,"href":"https:\/\/packpoint.com.br\/site\/wp-json\/wp\/v2\/pages\/49385\/revisions"}],"predecessor-version":[{"id":50291,"href":"https:\/\/packpoint.com.br\/site\/wp-json\/wp\/v2\/pages\/49385\/revisions\/50291"}],"wp:featuredmedia":[{"embeddable":true,"href":"https:\/\/packpoint.com.br\/site\/wp-json\/wp\/v2\/media\/49226"}],"wp:attachment":[{"href":"https:\/\/packpoint.com.br\/site\/wp-json\/wp\/v2\/media?parent=49385"}],"curies":[{"name":"wp","href":"https:\/\/api.w.org\/{rel}","templated":true}]}}